{"id":140,"date":"2020-02-26T09:19:09","date_gmt":"2020-02-26T09:19:09","guid":{"rendered":"http:\/\/anasteve.lean.diet\/?page_id=140"},"modified":"2022-02-18T00:10:11","modified_gmt":"2022-02-18T00:10:11","slug":"faq","status":"publish","type":"page","link":"https:\/\/wedding.onefleshinchrist.com\/pt\/faq\/","title":{"rendered":"Perguntas Frequentes"},"content":{"rendered":"<div id=\"wp-block-themeisle-blocks-accordion-feb4d2d2\" class=\"wp-block-themeisle-blocks-accordion\"><\/div>\n\n\n\n<hr class=\"wp-block-separator\"\/>\n\n\n\n<p style=\"font-size:18px\">Se tiver alguma d\u00favida, verifique primeiro as perguntas frequentes abaixo. Se n\u00e3o encontrar a resposta \u00e0 sua pergunta, por favor, deixe um coment\u00e1rio abaixo na se\u00e7\u00e3o de coment\u00e1rios. Pedimos que voc\u00ea s\u00f3 contacte a Ana &amp; o Steve como \u00faltimo recurso depois de ler os an\u00fancios e as perguntas frequentes. Agradecemos a sua compreens\u00e3o.<\/p>\n\n\n\n<div id=\"wp-block-themeisle-blocks-accordion-f7147cca\" class=\"wp-block-themeisle-blocks-accordion\"><\/div>\n\n\n\n<div id=\"wp-block-themeisle-blocks-accordion-aa7a7997\" class=\"wp-block-themeisle-blocks-accordion\">\n<details class=\"wp-block-themeisle-blocks-accordion-item\"><summary class=\"wp-block-themeisle-blocks-accordion-item__title\"><div><strong>Quando vai a noiva chegar?<\/strong><\/div><\/summary><div class=\"wp-block-themeisle-blocks-accordion-item__content\">\n<p>A noiva chegar\u00e1 por volta das 16:00, quando a cerim\u00f3nia come\u00e7ar\u00e1.<\/p>\n<\/div><\/details>\n\n\n\n<details class=\"wp-block-themeisle-blocks-accordion-item\"><summary class=\"wp-block-themeisle-blocks-accordion-item__title\"><div><strong><strong>Como \u00e9 o tempo nesta altura do ano?<\/strong><\/strong><\/div><\/summary><div class=\"wp-block-themeisle-blocks-accordion-item__content\">\n<p>Abril em Portugal \u00e9 imprevis\u00edvel e pode ser a \u00e9poca das chuvas. Fique de olho na previs\u00e3o do tempo, mas n\u00e3o se preocupe muito, pois o local tem op\u00e7\u00f5es internas e externas. No entanto, aconselhamos a trazer um casaco, xaile, etc.&nbsp;<\/p>\n<\/div><\/details>\n\n\n\n<details class=\"wp-block-themeisle-blocks-accordion-item\"><summary class=\"wp-block-themeisle-blocks-accordion-item__title\"><div><strong>Podemos trazer os nossos filhos?<\/strong><\/div><\/summary><div class=\"wp-block-themeisle-blocks-accordion-item__content\">\n<p>Sim, os seus filhos s\u00e3o bem-vindos. Pedimos que os conte ao preencher o formul\u00e1rio no pagina Home.<\/p>\n<\/div><\/details>\n\n\n\n<details class=\"wp-block-themeisle-blocks-accordion-item\"><summary class=\"wp-block-themeisle-blocks-accordion-item__title\"><div><strong>Posso trazer um encontro?<\/strong><\/div><\/summary><div class=\"wp-block-themeisle-blocks-accordion-item__content\">\n<p>Estamos felizes em discutir quaisquer situa\u00e7\u00f5es especiais, mas s\u00f3 aceitamos os convidados na lista de convidados.<\/p>\n<\/div><\/details>\n<\/div>\n\n\n\n<p><\/p>","protected":false},"excerpt":{"rendered":"<p>If you have a question please first check the frequently asked questions below. If this does not answer your question then please leave a comment below in the comments section. We ask you to only call Ana &amp; Steve as a last resort after you have read through the announcements and the frequently asked question. [&hellip;]<\/p>","protected":false},"author":4,"featured_media":0,"parent":0,"menu_order":0,"comment_status":"open","ping_status":"closed","template":"","meta":{"site-sidebar-layout":"default","site-content-layout":"","ast-site-content-layout":"default","site-content-style":"default","site-sidebar-style":"default","ast-global-header-display":"","ast-banner-title-visibility":"","ast-main-header-display":"","ast-hfb-above-header-display":"","ast-hfb-below-header-display":"","ast-hfb-mobile-header-display":"","site-post-title":"","ast-breadcrumbs-content":"","ast-featured-img":"","footer-sml-layout":"","theme-transparent-header-meta":"","adv-header-id-meta":"","stick-header-meta":"","header-above-stick-meta":"","header-main-stick-meta":"","header-below-stick-meta":"","astra-migrate-meta-layouts":"default","ast-page-background-enabled":"default","ast-page-background-meta":{"desktop":{"background-color":"","background-image":"","background-repeat":"repeat","background-position":"center center","background-size":"auto","background-attachment":"scroll","background-type":"","background-media":"","overlay-type":"","overlay-color":"","overlay-opacity":"","overlay-gradient":""},"tablet":{"background-color":"","background-image":"","background-repeat":"repeat","background-position":"center center","background-size":"auto","background-attachment":"scroll","background-type":"","background-media":"","overlay-type":"","overlay-color":"","overlay-opacity":"","overlay-gradient":""},"mobile":{"background-color":"","background-image":"","background-repeat":"repeat","background-position":"center center","background-size":"auto","background-attachment":"scroll","background-type":"","background-media":"","overlay-type":"","overlay-color":"","overlay-opacity":"","overlay-gradient":""}},"ast-content-background-meta":{"desktop":{"background-color":"var(--ast-global-color-5)","background-image":"","background-repeat":"repeat","background-position":"center center","background-size":"auto","background-attachment":"scroll","background-type":"","background-media":"","overlay-type":"","overlay-color":"","overlay-opacity":"","overlay-gradient":""},"tablet":{"background-color":"var(--ast-global-color-5)","background-image":"","background-repeat":"repeat","background-position":"center center","background-size":"auto","background-attachment":"scroll","background-type":"","background-media":"","overlay-type":"","overlay-color":"","overlay-opacity":"","overlay-gradient":""},"mobile":{"background-color":"var(--ast-global-color-5)","background-image":"","background-repeat":"repeat","background-position":"center center","background-size":"auto","background-attachment":"scroll","background-type":"","background-media":"","overlay-type":"","overlay-color":"","overlay-opacity":"","overlay-gradient":""}},"_themeisle_gutenberg_block_has_review":false,"footnotes":""},"class_list":["post-140","page","type-page","status-publish","hentry"],"_links":{"self":[{"href":"https:\/\/wedding.onefleshinchrist.com\/pt\/wp-json\/wp\/v2\/pages\/140","targetHints":{"allow":["GET"]}}],"collection":[{"href":"https:\/\/wedding.onefleshinchrist.com\/pt\/wp-json\/wp\/v2\/pages"}],"about":[{"href":"https:\/\/wedding.onefleshinchrist.com\/pt\/wp-json\/wp\/v2\/types\/page"}],"author":[{"embeddable":true,"href":"https:\/\/wedding.onefleshinchrist.com\/pt\/wp-json\/wp\/v2\/users\/4"}],"replies":[{"embeddable":true,"href":"https:\/\/wedding.onefleshinchrist.com\/pt\/wp-json\/wp\/v2\/comments?post=140"}],"version-history":[{"count":0,"href":"https:\/\/wedding.onefleshinchrist.com\/pt\/wp-json\/wp\/v2\/pages\/140\/revisions"}],"wp:attachment":[{"href":"https:\/\/wedding.onefleshinchrist.com\/pt\/wp-json\/wp\/v2\/media?parent=140"}],"curies":[{"name":"wp","href":"https:\/\/api.w.org\/{rel}","templated":true}]}}